{"id":3460,"date":"2018-05-28T16:16:08","date_gmt":"2018-05-28T14:16:08","guid":{"rendered":"https:\/\/jobs-hr.eu\/?page_id=3460"},"modified":"2024-05-22T11:53:39","modified_gmt":"2024-05-22T09:53:39","slug":"domov","status":"publish","type":"page","link":"https:\/\/jobs-hr.eu\/personnel-services\/","title":{"rendered":"Domov"},"content":{"rendered":"<p>[vc_row][vc_column][vc_column_text]<\/p>\n<h3>Aktu\u00e1lna ponuka<\/h3>\n<p>[\/vc_column_text]<div class=\"job_listings \" data-location=\"\" data-keywords=\"\" data-show_filters=\"false\" data-show_pagination=\"false\" data-job_types=\"\" data-per_page=\"\" data-orderby=\"date\" data-order=\"DESC\" data-categories=\"\" data-featured=\"false\" data-filled=\"false\" >\n            <!-- Listings Loader -->\n            <div class=\"listings-loader\">\n                <div class=\"spinner\">\n                  <div class=\"double-bounce1\"><\/div>\n                  <div class=\"double-bounce2\"><\/div>\n                <\/div>\n            <\/div>\n            \n            <ul class=\"job_listings job-list full  new-layout \" >\n\n                            <!-- Listing -->\n<li data-longitude=\"\" data-latitude=\"\" >\n\t\n<a href=\"https:\/\/jobs-hr.eu\/personnel-services\/?post_type=job_listing&#038;p=3518\" class=\"left post-3518 job_listing type-job_listing status-expired hentry job_listing_category-vyroba job_listing_type-plny-uvazok job-type-plny-uvazok\" data-longitude=\"\" data-latitude=\"\">\n\t<div class=\"listing-logo\">\n\t\t<img decoding=\"async\" class=\"company_logo\" src=\"https:\/\/jobs-hr.eu\/personnel-services\/wp-content\/plugins\/wp-job-manager\/assets\/images\/company.png\" alt=\"\" \/>\t<\/div>\n\t<div class=\"listing-title\">\n\t\t<h4>Servisn\u00fd technik \u2013elektro (slabopr\u00fad) \n\t\t\t\t\t\t\t\t\t\t<span class=\"job-type plny-uvazok\">Pln\u00fd \u00fav\u00e4zok<\/span>\n\t\t\t\t\t\t\t\t\n\t\t<\/h4>\n\t\t<ul class=\"listing-icons\">\n\t\t\t\t\t\t\t\n\t\t\t\t\t\t\t\t\t\n\t\t\t\t\t\t\t<li><i class=\"ln ln-icon-Map2\"><\/i> Bratislava<\/li>\n\t\t\t\t\t\t\n\t\t\t\n\t\t\t\t\t\t\t\t\t\t<li><i class=\"ln ln-icon-Money-2\"><\/i> \n\t\t\t\t\t\t\t1500 - 1600&euro;\t\t\t\t\t\t<\/li>\n\t\t\t\t\t\t\t\t\t\t\t\t\t\t\t\n\n\t\t\t\t\t\t\t\n\t\t<\/ul>\n\t\t\n\t<\/div>\n<\/a>\n<\/li>\n                            <!-- Listing -->\n<li data-longitude=\"\" data-latitude=\"\" >\n\t\n<a href=\"https:\/\/jobs-hr.eu\/personnel-services\/?post_type=job_listing&#038;p=3517\" class=\"left post-3517 job_listing type-job_listing status-expired hentry job_listing_category-automobilovy-priemysel job_listing_type-plny-uvazok job-type-plny-uvazok\" data-longitude=\"\" data-latitude=\"\">\n\t<div class=\"listing-logo\">\n\t\t<img decoding=\"async\" class=\"company_logo\" src=\"https:\/\/jobs-hr.eu\/personnel-services\/wp-content\/plugins\/wp-job-manager\/assets\/images\/company.png\" alt=\"\" \/>\t<\/div>\n\t<div class=\"listing-title\">\n\t\t<h4>Skladn\u00edk \/ Vodi\u010d VZV &#8211; plat od 1200 &#8211; 1250 \u20ac brutto + 6,80 \u20ac gastrol\u00edstky (+ mo\u017enos\u0165 ubytovania) \n\t\t\t\t\t\t\t\t\t\t<span class=\"job-type plny-uvazok\">Pln\u00fd \u00fav\u00e4zok<\/span>\n\t\t\t\t\t\t\t\t\n\t\t<\/h4>\n\t\t<ul class=\"listing-icons\">\n\t\t\t\t\t\t\t\n\t\t\t\t\t\t\t\t\t\n\t\t\t\t\t\t\t<li><i class=\"ln ln-icon-Map2\"><\/i> Bratislava (Dev\u00ednska Nov\u00e1 Ves)<\/li>\n\t\t\t\t\t\t\n\t\t\t\n\t\t\t\t\t\t\t\t\t\t<li><i class=\"ln ln-icon-Money-2\"><\/i> \n\t\t\t\t\t\t\t1200 - 1250&euro;\t\t\t\t\t\t<\/li>\n\t\t\t\t\t\t\t\t\t\t\t\t\t\t\t\n\n\t\t\t\t\t\t\t\n\t\t<\/ul>\n\t\t\n\t<\/div>\n<\/a>\n<\/li>\n                            <!-- Listing -->\n<li data-longitude=\"\" data-latitude=\"\" >\n\t\n<a href=\"https:\/\/jobs-hr.eu\/personnel-services\/?post_type=job_listing&#038;p=3516\" class=\"left post-3516 job_listing type-job_listing status-expired hentry job_listing_category-automobilovy-priemysel job_listing_type-plny-uvazok job-type-plny-uvazok\" data-longitude=\"\" data-latitude=\"\">\n\t<div class=\"listing-logo\">\n\t\t<img decoding=\"async\" class=\"company_logo\" src=\"https:\/\/jobs-hr.eu\/personnel-services\/wp-content\/plugins\/wp-job-manager\/assets\/images\/company.png\" alt=\"\" \/>\t<\/div>\n\t<div class=\"listing-title\">\n\t\t<h4>Oper\u00e1tor v\u00fdroby &#8211; Nitra (aj pre \u017eeny) &#8211; od 1100 &#8211; 1150 Eur brutto + 6,80 \u20ac gastrol\u00edstky + doprava z Nitry zdarma \n\t\t\t\t\t\t\t\t\t\t<span class=\"job-type plny-uvazok\">Pln\u00fd \u00fav\u00e4zok<\/span>\n\t\t\t\t\t\t\t\t\n\t\t<\/h4>\n\t\t<ul class=\"listing-icons\">\n\t\t\t\t\t\t\t\n\t\t\t\t\t\t\t\t\t\n\t\t\t\t\t\t\t<li><i class=\"ln ln-icon-Map2\"><\/i> Nitra<\/li>\n\t\t\t\t\t\t\n\t\t\t\n\t\t\t\t\t\t\t\t\t\t<li><i class=\"ln ln-icon-Money-2\"><\/i> \n\t\t\t\t\t\t\t1100 - 1150&euro;\t\t\t\t\t\t<\/li>\n\t\t\t\t\t\t\t\t\t\t\t\t\t\t\t\n\n\t\t\t\t\t\t\t\n\t\t<\/ul>\n\t\t\n\t<\/div>\n<\/a>\n<\/li>\n                            <!-- Listing -->\n<li data-longitude=\"\" data-latitude=\"\" >\n\t\n<a href=\"https:\/\/jobs-hr.eu\/personnel-services\/?post_type=job_listing&#038;p=3515\" class=\"left post-3515 job_listing type-job_listing status-expired hentry job_listing_category-automobilovy-priemysel job_listing_type-plny-uvazok job-type-plny-uvazok\" data-longitude=\"\" data-latitude=\"\">\n\t<div class=\"listing-logo\">\n\t\t<img decoding=\"async\" class=\"company_logo\" src=\"https:\/\/jobs-hr.eu\/personnel-services\/wp-content\/plugins\/wp-job-manager\/assets\/images\/company.png\" alt=\"\" \/>\t<\/div>\n\t<div class=\"listing-title\">\n\t\t<h4>Oper\u00e1tor v\u00fdroby &#8211; \u017dilina &#8211; aj pre \u017deny &#8211; n\u00e1stupn\u00fd plat: 1100 &#8211; 1150 \u20ac brutto, 6,80 \u20ac stravn\u00e9 + doprava zdarma \n\t\t\t\t\t\t\t\t\t\t<span class=\"job-type plny-uvazok\">Pln\u00fd \u00fav\u00e4zok<\/span>\n\t\t\t\t\t\t\t\t\n\t\t<\/h4>\n\t\t<ul class=\"listing-icons\">\n\t\t\t\t\t\t\t\n\t\t\t\t\t\t\t\t\t\n\t\t\t\t\t\t\t<li><i class=\"ln ln-icon-Map2\"><\/i> \u017dilina<\/li>\n\t\t\t\t\t\t\n\t\t\t\n\t\t\t\t\t\t\t\t\t\t<li><i class=\"ln ln-icon-Money-2\"><\/i> \n\t\t\t\t\t\t\t1100 - 1150&euro;\t\t\t\t\t\t<\/li>\n\t\t\t\t\t\t\t\t\t\t\t\t\t\t\t\n\n\t\t\t\t\t\t\t\n\t\t<\/ul>\n\t\t\n\t<\/div>\n<\/a>\n<\/li>\n                            <!-- Listing -->\n<li data-longitude=\"\" data-latitude=\"\" >\n\t\n<a href=\"https:\/\/jobs-hr.eu\/personnel-services\/?post_type=job_listing&#038;p=3514\" class=\"left post-3514 job_listing type-job_listing status-expired hentry job_listing_category-automobilovy-priemysel job_listing_type-plny-uvazok job-type-plny-uvazok\" data-longitude=\"\" data-latitude=\"\">\n\t<div class=\"listing-logo\">\n\t\t<img decoding=\"async\" class=\"company_logo\" src=\"https:\/\/jobs-hr.eu\/personnel-services\/wp-content\/plugins\/wp-job-manager\/assets\/images\/company.png\" alt=\"\" \/>\t<\/div>\n\t<div class=\"listing-title\">\n\t\t<h4>Oper\u00e1tor v\u00fdroby &#8211; Bratislava &#8211; aj pre \u017eeny, n\u00e1stupn\u00fd plat: 1150 &#8211; 1200 \u20ac brutto, 6,80 \u20ac stravn\u00e9 + mo\u017enos\u0165 ubytovania \n\t\t\t\t\t\t\t\t\t\t<span class=\"job-type plny-uvazok\">Pln\u00fd \u00fav\u00e4zok<\/span>\n\t\t\t\t\t\t\t\t\n\t\t<\/h4>\n\t\t<ul class=\"listing-icons\">\n\t\t\t\t\t\t\t\n\t\t\t\t\t\t\t\t\t\n\t\t\t\t\t\t\t<li><i class=\"ln ln-icon-Map2\"><\/i> Bratislava - Dev\u00ednska Nov\u00e1 Ves<\/li>\n\t\t\t\t\t\t\n\t\t\t\n\t\t\t\t\t\t\t\t\t\t<li><i class=\"ln ln-icon-Money-2\"><\/i> \n\t\t\t\t\t\t\t1150 - 1200&euro;\t\t\t\t\t\t<\/li>\n\t\t\t\t\t\t\t\t\t\t\t\t\t\t\t\n\n\t\t\t\t\t\t\t\n\t\t<\/ul>\n\t\t\n\t<\/div>\n<\/a>\n<\/li>\n                            <!-- Listing -->\n<li data-longitude=\"\" data-latitude=\"\" >\n\t\n<a href=\"https:\/\/jobs-hr.eu\/personnel-services\/?post_type=job_listing&#038;p=3472\" class=\"left post-3472 job_listing type-job_listing status-expired hentry job_listing_category-automobilovy-priemysel job_listing_category-doprava-spedicia-logistika job_listing_type-plny-uvazok job-type-plny-uvazok\" data-longitude=\"\" data-latitude=\"\">\n\t<div class=\"listing-logo\">\n\t\t<img decoding=\"async\" class=\"company_logo\" src=\"https:\/\/jobs-hr.eu\/personnel-services\/wp-content\/plugins\/wp-job-manager\/assets\/images\/company.png\" alt=\"\" \/>\t<\/div>\n\t<div class=\"listing-title\">\n\t\t<h4>Vodi\u010d VZV \/ Skladn\u00edk &#8211; plat: od 1000 Eur brutto \n\t\t\t\t\t\t\t\t\t\t<span class=\"job-type plny-uvazok\">Pln\u00fd \u00fav\u00e4zok<\/span>\n\t\t\t\t\t\t\t\t\n\t\t<\/h4>\n\t\t<ul class=\"listing-icons\">\n\t\t\t\t\t\t\t\n\t\t\t\t\t\t\t\t\t\n\t\t\t\t\t\t\t<li><i class=\"ln ln-icon-Map2\"><\/i> Bratislava<\/li>\n\t\t\t\t\t\t\n\t\t\t\n\t\t\t\t\t\t\t\t\t\t<li><i class=\"ln ln-icon-Money-2\"><\/i> \n\t\t\t\t\t\t\tZ\u00e1kladn\u00e1 mzda( 1. trieda) 737&euro;\t\t\t\t\t\t<\/li>\n\t\t\t\t\t\t\t\t\t\t\t\t\t\t\t\n\n\t\t\t\t\t\t\t\n\t\t<\/ul>\n\t\t\n\t<\/div>\n<\/a>\n<\/li>\n                            <!-- Listing -->\n<li data-longitude=\"\" data-latitude=\"\" >\n\t\n<a href=\"https:\/\/jobs-hr.eu\/personnel-services\/?post_type=job_listing&#038;p=3471\" class=\"left post-3471 job_listing type-job_listing status-expired hentry job_listing_category-automobilovy-priemysel job_listing_category-pomocne-prace job_listing_category-vyroba job_listing_type-plny-uvazok job-type-plny-uvazok\" data-longitude=\"\" data-latitude=\"\">\n\t<div class=\"listing-logo\">\n\t\t<img decoding=\"async\" class=\"company_logo\" src=\"https:\/\/jobs-hr.eu\/personnel-services\/wp-content\/plugins\/wp-job-manager\/assets\/images\/company.png\" alt=\"\" \/>\t<\/div>\n\t<div class=\"listing-title\">\n\t\t<h4>Oper\u00e1tor v\u00fdroby &#8211; aj pre \u017eeny &#8211; n\u00e1stupn\u00fd plat: 1000 a\u017e 1100 \u20ac brutto + 4,00 \u20ac gastrol\u00edstky + 13. a 14. plat (+ mo\u017enos\u0165 ubytovania) \n\t\t\t\t\t\t\t\t\t\t<span class=\"job-type plny-uvazok\">Pln\u00fd \u00fav\u00e4zok<\/span>\n\t\t\t\t\t\t\t\t\n\t\t<\/h4>\n\t\t<ul class=\"listing-icons\">\n\t\t\t\t\t\t\t\n\t\t\t\t\t\t\t\t\t\n\t\t\t\t\t\t\t<li><i class=\"ln ln-icon-Map2\"><\/i> Bratislava<\/li>\n\t\t\t\t\t\t\n\t\t\t\n\t\t\t\t\t\t\t\t\t\t<li><i class=\"ln ln-icon-Money-2\"><\/i> \n\t\t\t\t\t\t\t1000 a\u017e 1100&euro;\t\t\t\t\t\t<\/li>\n\t\t\t\t\t\t\t\t\t\t\t\t\t\t\t\n\n\t\t\t\t\t\t\t\n\t\t<\/ul>\n\t\t\n\t<\/div>\n<\/a>\n<\/li>\n                            <!-- Listing -->\n<li data-longitude=\"\" data-latitude=\"\" >\n\t\n<a href=\"https:\/\/jobs-hr.eu\/personnel-services\/?post_type=job_listing&#038;p=3470\" class=\"left post-3470 job_listing type-job_listing status-expired hentry job_listing_category-stavebnictvo-a-reality job_listing_category-strojarstvo job_listing_type-plny-uvazok job-type-plny-uvazok\" data-longitude=\"\" data-latitude=\"\">\n\t<div class=\"listing-logo\">\n\t\t<img decoding=\"async\" class=\"company_logo\" src=\"https:\/\/jobs-hr.eu\/personnel-services\/wp-content\/plugins\/wp-job-manager\/assets\/images\/company.png\" alt=\"\" \/>\t<\/div>\n\t<div class=\"listing-title\">\n\t\t<h4>Z\u00e1mo\u010dn\u00edk \/ pomocn\u00fd z\u00e1mo\u010dn\u00edk- mont\u00e1\u017enik \n\t\t\t\t\t\t\t\t\t\t<span class=\"job-type plny-uvazok\">Pln\u00fd \u00fav\u00e4zok<\/span>\n\t\t\t\t\t\t\t\t\n\t\t<\/h4>\n\t\t<ul class=\"listing-icons\">\n\t\t\t\t\t\t\t\n\t\t\t\t\t\t\t\t\t\n\t\t\t\t\t\t\t<li><i class=\"ln ln-icon-Map2\"><\/i> Bratislava<\/li>\n\t\t\t\t\t\t\n\t\t\t\n\t\t\t\t\t\t\t\t\t\t<li><i class=\"ln ln-icon-Money-2\"><\/i> \n\t\t\t\t\t\t\t1200&euro;\t\t\t\t\t\t<\/li>\n\t\t\t\t\t\t\t\t\t\t\t\t\t\t\t\n\n\t\t\t\t\t\t\t\n\t\t<\/ul>\n\t\t\n\t<\/div>\n<\/a>\n<\/li>\n            \n            <\/ul>\n\n            \n                \n                                    <a class=\"load_more_jobs button centered\" href=\"#\"><i class=\"fa fa-plus-circle\"><\/i>Show More Jobs<\/a>\n                    <div class=\"margin-bottom-55\"><\/div>\n                \n            \n        <\/div>[\/vc_column][\/vc_row]<\/p>\n","protected":false},"excerpt":{"rendered":"<p>[vc_row][vc_column][vc_column_text] Aktu\u00e1lna ponuka [\/vc_column_text][\/vc_column][\/vc_row]<\/p>\n","protected":false},"author":2,"featured_media":0,"parent":0,"menu_order":0,"comment_status":"closed","ping_status":"closed","template":"template-revslider.php","meta":{"_monsterinsights_skip_tracking":false,"_monsterinsights_sitenote_active":false,"_monsterinsights_sitenote_note":"","_monsterinsights_sitenote_category":0,"footnotes":""},"yoast_head":"<!-- This site is optimized with the Yoast SEO plugin v22.7 - https:\/\/yoast.com\/wordpress\/plugins\/seo\/ -->\n<title>Domov - Jobs-HR<\/title>\n<meta name=\"robots\" content=\"index, follow, max-snippet:-1, max-image-preview:large, max-video-preview:-1\" \/>\n<link rel=\"canonical\" href=\"https:\/\/jobs-hr.eu\/personnel-services\/\" \/>\n<meta property=\"og:locale\" content=\"sk_SK\" \/>\n<meta property=\"og:type\" content=\"article\" \/>\n<meta property=\"og:title\" content=\"Domov - Jobs-HR\" \/>\n<meta property=\"og:description\" content=\"[vc_row][vc_column][vc_column_text] Aktu\u00e1lna ponuka [\/vc_column_text][\/vc_column][\/vc_row]\" \/>\n<meta property=\"og:url\" content=\"https:\/\/jobs-hr.eu\/personnel-services\/\" \/>\n<meta property=\"og:site_name\" content=\"Jobs-HR\" \/>\n<meta property=\"article:modified_time\" content=\"2024-05-22T09:53:39+00:00\" \/>\n<meta name=\"twitter:card\" content=\"summary_large_image\" \/>\n<meta name=\"twitter:label1\" content=\"Predpokladan\u00fd \u010das \u010d\u00edtania\" \/>\n\t<meta name=\"twitter:data1\" content=\"1 min\u00fata\" \/>\n<script type=\"application\/ld+json\" class=\"yoast-schema-graph\">{\"@context\":\"https:\/\/schema.org\",\"@graph\":[{\"@type\":\"WebPage\",\"@id\":\"https:\/\/jobs-hr.eu\/personnel-services\/\",\"url\":\"https:\/\/jobs-hr.eu\/personnel-services\/\",\"name\":\"Domov - Jobs-HR\",\"isPartOf\":{\"@id\":\"https:\/\/jobs-hr.eu\/personnel-services\/#website\"},\"datePublished\":\"2018-05-28T14:16:08+00:00\",\"dateModified\":\"2024-05-22T09:53:39+00:00\",\"breadcrumb\":{\"@id\":\"https:\/\/jobs-hr.eu\/personnel-services\/#breadcrumb\"},\"inLanguage\":\"sk-SK\",\"potentialAction\":[{\"@type\":\"ReadAction\",\"target\":[\"https:\/\/jobs-hr.eu\/personnel-services\/\"]}]},{\"@type\":\"BreadcrumbList\",\"@id\":\"https:\/\/jobs-hr.eu\/personnel-services\/#breadcrumb\",\"itemListElement\":[{\"@type\":\"ListItem\",\"position\":1,\"name\":\"Domovsk\u00e1 str\u00e1nka\",\"item\":\"https:\/\/jobs-hr.eu\/personnel-services\/\"},{\"@type\":\"ListItem\",\"position\":2,\"name\":\"Domov\"}]},{\"@type\":\"WebSite\",\"@id\":\"https:\/\/jobs-hr.eu\/personnel-services\/#website\",\"url\":\"https:\/\/jobs-hr.eu\/personnel-services\/\",\"name\":\"Jobs-HR\",\"description\":\"Personnel Services\",\"potentialAction\":[{\"@type\":\"SearchAction\",\"target\":{\"@type\":\"EntryPoint\",\"urlTemplate\":\"https:\/\/jobs-hr.eu\/personnel-services\/?s={search_term_string}\"},\"query-input\":\"required name=search_term_string\"}],\"inLanguage\":\"sk-SK\"}]}<\/script>\n<!-- \/ Yoast SEO plugin. -->","yoast_head_json":{"title":"Domov - Jobs-HR","robots":{"index":"index","follow":"follow","max-snippet":"max-snippet:-1","max-image-preview":"max-image-preview:large","max-video-preview":"max-video-preview:-1"},"canonical":"https:\/\/jobs-hr.eu\/personnel-services\/","og_locale":"sk_SK","og_type":"article","og_title":"Domov - Jobs-HR","og_description":"[vc_row][vc_column][vc_column_text] Aktu\u00e1lna ponuka [\/vc_column_text][\/vc_column][\/vc_row]","og_url":"https:\/\/jobs-hr.eu\/personnel-services\/","og_site_name":"Jobs-HR","article_modified_time":"2024-05-22T09:53:39+00:00","twitter_card":"summary_large_image","twitter_misc":{"Predpokladan\u00fd \u010das \u010d\u00edtania":"1 min\u00fata"},"schema":{"@context":"https:\/\/schema.org","@graph":[{"@type":"WebPage","@id":"https:\/\/jobs-hr.eu\/personnel-services\/","url":"https:\/\/jobs-hr.eu\/personnel-services\/","name":"Domov - Jobs-HR","isPartOf":{"@id":"https:\/\/jobs-hr.eu\/personnel-services\/#website"},"datePublished":"2018-05-28T14:16:08+00:00","dateModified":"2024-05-22T09:53:39+00:00","breadcrumb":{"@id":"https:\/\/jobs-hr.eu\/personnel-services\/#breadcrumb"},"inLanguage":"sk-SK","potentialAction":[{"@type":"ReadAction","target":["https:\/\/jobs-hr.eu\/personnel-services\/"]}]},{"@type":"BreadcrumbList","@id":"https:\/\/jobs-hr.eu\/personnel-services\/#breadcrumb","itemListElement":[{"@type":"ListItem","position":1,"name":"Domovsk\u00e1 str\u00e1nka","item":"https:\/\/jobs-hr.eu\/personnel-services\/"},{"@type":"ListItem","position":2,"name":"Domov"}]},{"@type":"WebSite","@id":"https:\/\/jobs-hr.eu\/personnel-services\/#website","url":"https:\/\/jobs-hr.eu\/personnel-services\/","name":"Jobs-HR","description":"Personnel Services","potentialAction":[{"@type":"SearchAction","target":{"@type":"EntryPoint","urlTemplate":"https:\/\/jobs-hr.eu\/personnel-services\/?s={search_term_string}"},"query-input":"required name=search_term_string"}],"inLanguage":"sk-SK"}]}},"_links":{"self":[{"href":"https:\/\/jobs-hr.eu\/personnel-services\/wp-json\/wp\/v2\/pages\/3460"}],"collection":[{"href":"https:\/\/jobs-hr.eu\/personnel-services\/wp-json\/wp\/v2\/pages"}],"about":[{"href":"https:\/\/jobs-hr.eu\/personnel-services\/wp-json\/wp\/v2\/types\/page"}],"author":[{"embeddable":true,"href":"https:\/\/jobs-hr.eu\/personnel-services\/wp-json\/wp\/v2\/users\/2"}],"replies":[{"embeddable":true,"href":"https:\/\/jobs-hr.eu\/personnel-services\/wp-json\/wp\/v2\/comments?post=3460"}],"version-history":[{"count":3,"href":"https:\/\/jobs-hr.eu\/personnel-services\/wp-json\/wp\/v2\/pages\/3460\/revisions"}],"predecessor-version":[{"id":3526,"href":"https:\/\/jobs-hr.eu\/personnel-services\/wp-json\/wp\/v2\/pages\/3460\/revisions\/3526"}],"wp:attachment":[{"href":"https:\/\/jobs-hr.eu\/personnel-services\/wp-json\/wp\/v2\/media?parent=3460"}],"curies":[{"name":"wp","href":"https:\/\/api.w.org\/{rel}","templated":true}]}}