{"id":3135,"date":"2016-05-25T11:22:31","date_gmt":"2016-05-25T09:22:31","guid":{"rendered":"http:\/\/jobs-hr.eu\/test\/?page_id=3135"},"modified":"2018-11-29T15:41:54","modified_gmt":"2018-11-29T14:41:54","slug":"volne-pozicie-2","status":"publish","type":"page","link":"https:\/\/jobs-hr.eu\/personnel-services\/volne-pozicie-2\/","title":{"rendered":"Vo\u013en\u00e9 poz\u00edcie"},"content":{"rendered":"<p>[vc_row][vc_column][vc_custom_heading text=&#8220;Slu\u017eby uch\u00e1dza\u010dom o pracovn\u00e9 miesto&#8220; font_container=&#8220;tag:h1|text_align:left&#8220; google_fonts=&#8220;font_family:Open%20Sans%3A300%2C300italic%2Cregular%2Citalic%2C600%2C600italic%2C700%2C700italic%2C800%2C800italic|font_style:600%20bold%20regular%3A600%3Anormal&#8220;][vc_text_separator title=&#8220;&#8220; border_width=&#8220;4&#8243;][vc_single_image image=&#8220;3394&#8243; img_size=&#8220;full&#8220;][vc_column_text]V\u00e1\u017een\u00ed uch\u00e1dza\u010di o zamestnanie! Agent\u00fara Jobs V\u00e1m pon\u00faka <a href=\"https:\/\/jobs-hr.eu\/domov\/\">vo\u013en\u00e9 poz\u00edcie<\/a> a vytv\u00e1ra tak mo\u017enos\u0165 zamestna\u0165 sa.<\/p>\n<p>Pon\u00fakame tri z\u00e1kladn\u00e9 formy sprostredkovania zamestnania:[\/vc_column_text][vc_column_text]<b>Recruitment<\/b> &#8211; sprostredkovanie zamestnania na trval\u00fd pracovn\u00fd pomer,<br \/>\n<b>Try &amp; Hire<\/b> (vysk\u00fa\u0161aj a zamestnaj) &#8211; do\u010dasn\u00e9 pridelenie do ur\u010ditej firmy za \u00fa\u010delom obojstranne, &#8211; zo strany zamestn\u00e1vate\u013ea i zamestnanca preveri\u0165 si Va\u0161e osobn\u00e9 predpoklady pre dan\u00fa pracovn\u00fa poz\u00edciu. Po skon\u010den\u00ed sk\u00fa\u0161obnej doby, po\u010das ktorej ste zamestnancom na\u0161ej agent\u00fary sa v danej firme m\u00f4\u017eete zamestna\u0165 natrvalo.<br \/>\n<b>Temporary<\/b> (person\u00e1lny leasing) &#8211; pr\u00e1ca na dobu ur\u010dit\u00fa, pri\u010dom m\u00e1te takto mo\u017enos\u0165 do\u010dasne vyrie\u0161i\u0165 ot\u00e1zku svojej nezamestnanosti a z\u00e1rove\u0148 pr\u00edle\u017eitos\u0165 spozna\u0165 r\u00f4zne profesie a spolo\u010dnosti, k\u00fdm si nen\u00e1jdete trval\u00e9 zamestnanie. Za sprostredkovanie pracovnej pr\u00edle\u017eitosti neplat\u00edte v na\u0161ej agent\u00fare ani halier.[\/vc_column_text][\/vc_column][\/vc_row]<\/p>\n","protected":false},"excerpt":{"rendered":"<p>[vc_row][vc_column][vc_custom_heading text=&#8220;Slu\u017eby uch\u00e1dza\u010dom o pracovn\u00e9 miesto&#8220; font_container=&#8220;tag:h1|text_align:left&#8220; google_fonts=&#8220;font_family:Open%20Sans%3A300%2C300italic%2Cregular%2Citalic%2C600%2C600italic%2C700%2C700italic%2C800%2C800italic|font_style:600%20bold%20regular%3A600%3Anormal&#8220;][vc_text_separator title=&#8220;&#8220; border_width=&#8220;4&#8243;][vc_single_image image=&#8220;3394&#8243; img_size=&#8220;full&#8220;][vc_column_text]V\u00e1\u017een\u00ed uch\u00e1dza\u010di o zamestnanie! Agent\u00fara Jobs V\u00e1m pon\u00faka vo\u013en\u00e9 poz\u00edcie a vytv\u00e1ra tak mo\u017enos\u0165 zamestna\u0165 sa. Pon\u00fakame tri z\u00e1kladn\u00e9&#8230;<\/p>\n","protected":false},"author":2,"featured_media":0,"parent":0,"menu_order":0,"comment_status":"closed","ping_status":"closed","template":"","meta":{"_monsterinsights_skip_tracking":false,"_monsterinsights_sitenote_active":false,"_monsterinsights_sitenote_note":"","_monsterinsights_sitenote_category":0,"footnotes":""},"yoast_head":"<!-- This site is optimized with the Yoast SEO plugin v22.7 - https:\/\/yoast.com\/wordpress\/plugins\/seo\/ -->\n<title>Vo\u013en\u00e9 poz\u00edcie - Jobs-HR<\/title>\n<meta name=\"description\" content=\"V\u00e1\u017een\u00ed uch\u00e1dza\u010di o zamestnanie! Agent\u00fara Jobs V\u00e1m pon\u00faka vo\u013en\u00e9 poz\u00edcie a vytv\u00e1ra tak mo\u017enos\u0165 zamestna\u0165 sa. Pon\u00fakame tri z\u00e1kladn\u00e9 formy...\" \/>\n<meta name=\"robots\" content=\"index, follow, max-snippet:-1, max-image-preview:large, max-video-preview:-1\" \/>\n<link rel=\"canonical\" href=\"https:\/\/jobs-hr.eu\/personnel-services\/volne-pozicie-2\/\" \/>\n<meta property=\"og:locale\" content=\"sk_SK\" \/>\n<meta property=\"og:type\" content=\"article\" \/>\n<meta property=\"og:title\" content=\"Vo\u013en\u00e9 poz\u00edcie - Jobs-HR\" \/>\n<meta property=\"og:description\" content=\"V\u00e1\u017een\u00ed uch\u00e1dza\u010di o zamestnanie! Agent\u00fara Jobs V\u00e1m pon\u00faka vo\u013en\u00e9 poz\u00edcie a vytv\u00e1ra tak mo\u017enos\u0165 zamestna\u0165 sa. Pon\u00fakame tri z\u00e1kladn\u00e9 formy...\" \/>\n<meta property=\"og:url\" content=\"https:\/\/jobs-hr.eu\/personnel-services\/volne-pozicie-2\/\" \/>\n<meta property=\"og:site_name\" content=\"Jobs-HR\" \/>\n<meta property=\"article:modified_time\" content=\"2018-11-29T14:41:54+00:00\" \/>\n<meta name=\"twitter:card\" content=\"summary_large_image\" \/>\n<meta name=\"twitter:label1\" content=\"Predpokladan\u00fd \u010das \u010d\u00edtania\" \/>\n\t<meta name=\"twitter:data1\" content=\"1 min\u00fata\" \/>\n<script type=\"application\/ld+json\" class=\"yoast-schema-graph\">{\"@context\":\"https:\/\/schema.org\",\"@graph\":[{\"@type\":\"WebPage\",\"@id\":\"https:\/\/jobs-hr.eu\/personnel-services\/volne-pozicie-2\/\",\"url\":\"https:\/\/jobs-hr.eu\/personnel-services\/volne-pozicie-2\/\",\"name\":\"Vo\u013en\u00e9 poz\u00edcie - Jobs-HR\",\"isPartOf\":{\"@id\":\"https:\/\/jobs-hr.eu\/personnel-services\/#website\"},\"datePublished\":\"2016-05-25T09:22:31+00:00\",\"dateModified\":\"2018-11-29T14:41:54+00:00\",\"description\":\"V\u00e1\u017een\u00ed uch\u00e1dza\u010di o zamestnanie! Agent\u00fara Jobs V\u00e1m pon\u00faka vo\u013en\u00e9 poz\u00edcie a vytv\u00e1ra tak mo\u017enos\u0165 zamestna\u0165 sa. Pon\u00fakame tri z\u00e1kladn\u00e9 formy...\",\"breadcrumb\":{\"@id\":\"https:\/\/jobs-hr.eu\/personnel-services\/volne-pozicie-2\/#breadcrumb\"},\"inLanguage\":\"sk-SK\",\"potentialAction\":[{\"@type\":\"ReadAction\",\"target\":[\"https:\/\/jobs-hr.eu\/personnel-services\/volne-pozicie-2\/\"]}]},{\"@type\":\"BreadcrumbList\",\"@id\":\"https:\/\/jobs-hr.eu\/personnel-services\/volne-pozicie-2\/#breadcrumb\",\"itemListElement\":[{\"@type\":\"ListItem\",\"position\":1,\"name\":\"Domovsk\u00e1 str\u00e1nka\",\"item\":\"https:\/\/jobs-hr.eu\/personnel-services\/\"},{\"@type\":\"ListItem\",\"position\":2,\"name\":\"Vo\u013en\u00e9 poz\u00edcie\"}]},{\"@type\":\"WebSite\",\"@id\":\"https:\/\/jobs-hr.eu\/personnel-services\/#website\",\"url\":\"https:\/\/jobs-hr.eu\/personnel-services\/\",\"name\":\"Jobs-HR\",\"description\":\"Personnel Services\",\"potentialAction\":[{\"@type\":\"SearchAction\",\"target\":{\"@type\":\"EntryPoint\",\"urlTemplate\":\"https:\/\/jobs-hr.eu\/personnel-services\/?s={search_term_string}\"},\"query-input\":\"required name=search_term_string\"}],\"inLanguage\":\"sk-SK\"}]}<\/script>\n<!-- \/ Yoast SEO plugin. -->","yoast_head_json":{"title":"Vo\u013en\u00e9 poz\u00edcie - Jobs-HR","description":"V\u00e1\u017een\u00ed uch\u00e1dza\u010di o zamestnanie! Agent\u00fara Jobs V\u00e1m pon\u00faka vo\u013en\u00e9 poz\u00edcie a vytv\u00e1ra tak mo\u017enos\u0165 zamestna\u0165 sa. Pon\u00fakame tri z\u00e1kladn\u00e9 formy...","robots":{"index":"index","follow":"follow","max-snippet":"max-snippet:-1","max-image-preview":"max-image-preview:large","max-video-preview":"max-video-preview:-1"},"canonical":"https:\/\/jobs-hr.eu\/personnel-services\/volne-pozicie-2\/","og_locale":"sk_SK","og_type":"article","og_title":"Vo\u013en\u00e9 poz\u00edcie - Jobs-HR","og_description":"V\u00e1\u017een\u00ed uch\u00e1dza\u010di o zamestnanie! Agent\u00fara Jobs V\u00e1m pon\u00faka vo\u013en\u00e9 poz\u00edcie a vytv\u00e1ra tak mo\u017enos\u0165 zamestna\u0165 sa. Pon\u00fakame tri z\u00e1kladn\u00e9 formy...","og_url":"https:\/\/jobs-hr.eu\/personnel-services\/volne-pozicie-2\/","og_site_name":"Jobs-HR","article_modified_time":"2018-11-29T14:41:54+00:00","twitter_card":"summary_large_image","twitter_misc":{"Predpokladan\u00fd \u010das \u010d\u00edtania":"1 min\u00fata"},"schema":{"@context":"https:\/\/schema.org","@graph":[{"@type":"WebPage","@id":"https:\/\/jobs-hr.eu\/personnel-services\/volne-pozicie-2\/","url":"https:\/\/jobs-hr.eu\/personnel-services\/volne-pozicie-2\/","name":"Vo\u013en\u00e9 poz\u00edcie - Jobs-HR","isPartOf":{"@id":"https:\/\/jobs-hr.eu\/personnel-services\/#website"},"datePublished":"2016-05-25T09:22:31+00:00","dateModified":"2018-11-29T14:41:54+00:00","description":"V\u00e1\u017een\u00ed uch\u00e1dza\u010di o zamestnanie! Agent\u00fara Jobs V\u00e1m pon\u00faka vo\u013en\u00e9 poz\u00edcie a vytv\u00e1ra tak mo\u017enos\u0165 zamestna\u0165 sa. Pon\u00fakame tri z\u00e1kladn\u00e9 formy...","breadcrumb":{"@id":"https:\/\/jobs-hr.eu\/personnel-services\/volne-pozicie-2\/#breadcrumb"},"inLanguage":"sk-SK","potentialAction":[{"@type":"ReadAction","target":["https:\/\/jobs-hr.eu\/personnel-services\/volne-pozicie-2\/"]}]},{"@type":"BreadcrumbList","@id":"https:\/\/jobs-hr.eu\/personnel-services\/volne-pozicie-2\/#breadcrumb","itemListElement":[{"@type":"ListItem","position":1,"name":"Domovsk\u00e1 str\u00e1nka","item":"https:\/\/jobs-hr.eu\/personnel-services\/"},{"@type":"ListItem","position":2,"name":"Vo\u013en\u00e9 poz\u00edcie"}]},{"@type":"WebSite","@id":"https:\/\/jobs-hr.eu\/personnel-services\/#website","url":"https:\/\/jobs-hr.eu\/personnel-services\/","name":"Jobs-HR","description":"Personnel Services","potentialAction":[{"@type":"SearchAction","target":{"@type":"EntryPoint","urlTemplate":"https:\/\/jobs-hr.eu\/personnel-services\/?s={search_term_string}"},"query-input":"required name=search_term_string"}],"inLanguage":"sk-SK"}]}},"_links":{"self":[{"href":"https:\/\/jobs-hr.eu\/personnel-services\/wp-json\/wp\/v2\/pages\/3135"}],"collection":[{"href":"https:\/\/jobs-hr.eu\/personnel-services\/wp-json\/wp\/v2\/pages"}],"about":[{"href":"https:\/\/jobs-hr.eu\/personnel-services\/wp-json\/wp\/v2\/types\/page"}],"author":[{"embeddable":true,"href":"https:\/\/jobs-hr.eu\/personnel-services\/wp-json\/wp\/v2\/users\/2"}],"replies":[{"embeddable":true,"href":"https:\/\/jobs-hr.eu\/personnel-services\/wp-json\/wp\/v2\/comments?post=3135"}],"version-history":[{"count":5,"href":"https:\/\/jobs-hr.eu\/personnel-services\/wp-json\/wp\/v2\/pages\/3135\/revisions"}],"predecessor-version":[{"id":3478,"href":"https:\/\/jobs-hr.eu\/personnel-services\/wp-json\/wp\/v2\/pages\/3135\/revisions\/3478"}],"wp:attachment":[{"href":"https:\/\/jobs-hr.eu\/personnel-services\/wp-json\/wp\/v2\/media?parent=3135"}],"curies":[{"name":"wp","href":"https:\/\/api.w.org\/{rel}","templated":true}]}}