{"id":3112,"date":"2016-05-25T11:17:05","date_gmt":"2016-05-25T09:17:05","guid":{"rendered":"http:\/\/jobs-hr.eu\/test\/?page_id=3112"},"modified":"2016-12-09T14:11:54","modified_gmt":"2016-12-09T13:11:54","slug":"volne-pozicie","status":"publish","type":"page","link":"https:\/\/jobs-hr.eu\/personnel-services\/volne-pozicie\/","title":{"rendered":"Vo\u013en\u00e9 poz\u00edcie"},"content":{"rendered":"<p>[vc_row][vc_column][vc_custom_heading text=&#8220;Vo\u013en\u00e9 poz\u00edcie&#8220; font_container=&#8220;tag:h1|text_align:left&#8220; google_fonts=&#8220;font_family:Open%20Sans%3A300%2C300italic%2Cregular%2Citalic%2C600%2C600italic%2C700%2C700italic%2C800%2C800italic|font_style:600%20bold%20regular%3A600%3Anormal&#8220;][vc_text_separator title=&#8220;&#8220; border_width=&#8220;4&#8243;][vc_column_text]V\u00e1\u017een\u00e1 spolo\u010dnos\u0165, na z\u00e1klade vyplnenia formul\u00e1ru &#8222;Vo\u013en\u00e9 poz\u00edcie&#8220; alebo zaslania vo\u013en\u00fdch poz\u00edci\u00ed e-mailom, V\u00e1m m\u00f4\u017eeme poskytn\u00fa\u0165 nez\u00e1v\u00e4zne a bezplatne na\u0161ich najvhodnej\u0161\u00edch kandid\u00e1tov vo forme &#8220; Blind CV &#8222;. A\u017e po Vami prejavenom z\u00e1ujme o prezentovan\u00fdch kandid\u00e1tov sa m\u00f4\u017ee rozbehn\u00fa\u0165 <a href=\"https:\/\/jobs-hr.eu\/kontakt\/\">na\u0161a spolupr\u00e1ca<\/a>.[\/vc_column_text]\n<div class=\"wpcf7 no-js\" id=\"wpcf7-f3312-o1\" lang=\"sk-SK\" dir=\"ltr\">\n<div class=\"screen-reader-response\"><p role=\"status\" aria-live=\"polite\" aria-atomic=\"true\"><\/p> <ul><\/ul><\/div>\n<form action=\"\/personnel-services\/wp-json\/wp\/v2\/pages\/3112#wpcf7-f3312-o1\" method=\"post\" class=\"wpcf7-form init\" aria-label=\"Kontaktn\u00fd formul\u00e1r\" novalidate=\"novalidate\" data-status=\"init\">\n<div style=\"display: none;\">\n<input type=\"hidden\" name=\"_wpcf7\" value=\"3312\" \/>\n<input type=\"hidden\" name=\"_wpcf7_version\" value=\"5.9.5\" \/>\n<input type=\"hidden\" name=\"_wpcf7_locale\" value=\"sk_SK\" \/>\n<input type=\"hidden\" name=\"_wpcf7_unit_tag\" value=\"wpcf7-f3312-o1\" \/>\n<input type=\"hidden\" name=\"_wpcf7_container_post\" value=\"0\" \/>\n<input type=\"hidden\" name=\"_wpcf7_posted_data_hash\" value=\"\" \/>\n<\/div>\n<p> *povinn\u00e9\n<\/p>\n<p>Druh po\u017eadovanej slu\u017eby:\n<\/p>\n<p><span class=\"wpcf7-form-control-wrap\" data-name=\"radio-951\"><span class=\"wpcf7-form-control wpcf7-radio\"><span class=\"wpcf7-list-item first\"><input type=\"radio\" name=\"radio-951\" value=\"Recruitment\" checked=\"checked\" \/><span class=\"wpcf7-list-item-label\">Recruitment<\/span><\/span><span class=\"wpcf7-list-item\"><input type=\"radio\" name=\"radio-951\" value=\"Temporary help\" \/><span class=\"wpcf7-list-item-label\">Temporary help<\/span><\/span><span class=\"wpcf7-list-item last\"><input type=\"radio\" name=\"radio-951\" value=\"Try and hire\" \/><span class=\"wpcf7-list-item-label\">Try and hire<\/span><\/span><\/span><\/span>\n<\/p>\n<p>Firma:*<br \/>\n<span class=\"wpcf7-form-control-wrap\" data-name=\"text-214\"><input size=\"40\" class=\"wpcf7-form-control wpcf7-text wpcf7-validates-as-required\" aria-required=\"true\" aria-invalid=\"false\" value=\"\" type=\"text\" name=\"text-214\" \/><\/span>\n<\/p>\n<p>Oddelenie:<br \/>\n<span class=\"wpcf7-form-control-wrap\" data-name=\"text-215\"><input size=\"40\" class=\"wpcf7-form-control wpcf7-text\" aria-invalid=\"false\" value=\"\" type=\"text\" name=\"text-215\" \/><\/span>\n<\/p>\n<p>Kontakt:*<br \/>\n<span class=\"wpcf7-form-control-wrap\" data-name=\"your-name\"><input size=\"40\" class=\"wpcf7-form-control wpcf7-text wpcf7-validates-as-required\" aria-required=\"true\" aria-invalid=\"false\" value=\"\" type=\"text\" name=\"your-name\" \/><\/span>\n<\/p>\n<p>Va\u0161a poz\u00edcia \/ funkcia:<br \/>\n<span class=\"wpcf7-form-control-wrap\" data-name=\"text-217\"><input size=\"40\" class=\"wpcf7-form-control wpcf7-text\" aria-invalid=\"false\" value=\"\" type=\"text\" name=\"text-217\" \/><\/span>\n<\/p>\n<p>Ulica:<br \/>\n<span class=\"wpcf7-form-control-wrap\" data-name=\"text-218\"><input size=\"40\" class=\"wpcf7-form-control wpcf7-text\" aria-invalid=\"false\" value=\"\" type=\"text\" name=\"text-218\" \/><\/span>\n<\/p>\n<p>PS\u010c \/ Mesto:<br \/>\n<span class=\"wpcf7-form-control-wrap\" data-name=\"text-219\"><input size=\"40\" class=\"wpcf7-form-control wpcf7-text\" aria-invalid=\"false\" value=\"\" type=\"text\" name=\"text-219\" \/><\/span> \/ <span class=\"wpcf7-form-control-wrap\" data-name=\"text-220\"><input size=\"40\" class=\"wpcf7-form-control wpcf7-text\" aria-invalid=\"false\" value=\"\" type=\"text\" name=\"text-220\" \/><\/span>\n<\/p>\n<p>Telef\u00f3n:*<br \/>\n<span class=\"wpcf7-form-control-wrap\" data-name=\"tel-290\"><input size=\"40\" class=\"wpcf7-form-control wpcf7-tel wpcf7-validates-as-required wpcf7-text wpcf7-validates-as-tel\" aria-required=\"true\" aria-invalid=\"false\" value=\"\" type=\"tel\" name=\"tel-290\" \/><\/span>\n<\/p>\n<p>Fax:<br \/>\n<span class=\"wpcf7-form-control-wrap\" data-name=\"text-221\"><input size=\"40\" class=\"wpcf7-form-control wpcf7-text\" aria-invalid=\"false\" value=\"\" type=\"text\" name=\"text-221\" \/><\/span>\n<\/p>\n<p>E-mail:*<br \/>\n<span class=\"wpcf7-form-control-wrap\" data-name=\"your-email\"><input size=\"40\" class=\"wpcf7-form-control wpcf7-email wpcf7-validates-as-required wpcf7-text wpcf7-validates-as-email\" aria-required=\"true\" aria-invalid=\"false\" value=\"\" type=\"email\" name=\"your-email\" \/><\/span>\n<\/p>\n<p>Vo\u013en\u00e1 poz\u00edcia:*<br \/>\n<span class=\"wpcf7-form-control-wrap\" data-name=\"text-222\"><input size=\"40\" class=\"wpcf7-form-control wpcf7-text wpcf7-validates-as-required\" aria-required=\"true\" aria-invalid=\"false\" value=\"\" type=\"text\" name=\"text-222\" \/><\/span>\n<\/p>\n<p>N\u00e1pl\u0148 pr\u00e1ce:<br \/>\n<span class=\"wpcf7-form-control-wrap\" data-name=\"textarea-502\"><textarea cols=\"40\" rows=\"10\" class=\"wpcf7-form-control wpcf7-textarea\" aria-invalid=\"false\" name=\"textarea-502\"><\/textarea><\/span>\n<\/p>\n<p>Po\u017eiadavky na zamestnanca:<br \/>\n<span class=\"wpcf7-form-control-wrap\" data-name=\"textarea-503\"><textarea cols=\"40\" rows=\"10\" class=\"wpcf7-form-control wpcf7-textarea\" aria-invalid=\"false\" name=\"textarea-503\"><\/textarea><\/span>\n<\/p>\n<p>D\u00e1tum n\u00e1stupu:<br \/>\n<span class=\"wpcf7-form-control-wrap\" data-name=\"text-223\"><input size=\"40\" class=\"wpcf7-form-control wpcf7-text\" aria-invalid=\"false\" value=\"\" type=\"text\" name=\"text-223\" \/><\/span>\n<\/p>\n<p>Miesto v\u00fdkonu pr\u00e1ce:<br \/>\n<span class=\"wpcf7-form-control-wrap\" data-name=\"text-224\"><input size=\"40\" class=\"wpcf7-form-control wpcf7-text\" aria-invalid=\"false\" value=\"\" type=\"text\" name=\"text-224\" \/><\/span>\n<\/p>\n<p>Hrub\u00e1 mzda (nebude zverejnen\u00e1 kandid\u00e1tom):<br \/>\n<span class=\"wpcf7-form-control-wrap\" data-name=\"text-225\"><input size=\"40\" class=\"wpcf7-form-control wpcf7-text\" aria-invalid=\"false\" value=\"\" type=\"text\" name=\"text-225\" \/><\/span><span class=\"wpcf7-form-control-wrap\" data-name=\"radio-794\"><span class=\"wpcf7-form-control wpcf7-radio\"><span class=\"wpcf7-list-item first\"><input type=\"radio\" name=\"radio-794\" value=\"na hodinu\" checked=\"checked\" \/><span class=\"wpcf7-list-item-label\">na hodinu<\/span><\/span><span class=\"wpcf7-list-item last\"><input type=\"radio\" name=\"radio-794\" value=\"mesa\u010dne\" \/><span class=\"wpcf7-list-item-label\">mesa\u010dne<\/span><\/span><\/span><\/span>\n<\/p>\n<p>Pripomienky:<br \/>\n<span class=\"wpcf7-form-control-wrap\" data-name=\"textarea-504\"><textarea cols=\"40\" rows=\"10\" class=\"wpcf7-form-control wpcf7-textarea\" aria-invalid=\"false\" name=\"textarea-504\"><\/textarea><\/span>\n<\/p>\n<p>Odkia\u013e ste sa o n\u00e1s dozvedeli?:<br \/>\n<span class=\"wpcf7-form-control-wrap\" data-name=\"menu-364\"><select class=\"wpcf7-form-control wpcf7-select\" aria-invalid=\"false\" name=\"menu-364\"><option value=\"- Jobs bro\u017e\u00fara\">- Jobs bro\u017e\u00fara<\/option><option value=\"- Internetov\u00fd vyh\u013ead\u00e1va\u010d\">- Internetov\u00fd vyh\u013ead\u00e1va\u010d<\/option><option value=\"- Profesia\">- Profesia<\/option><option value=\"- In\u00e9\">- In\u00e9<\/option><\/select><\/span>\n<\/p>\n<p><input type=\"hidden\" name=\"_wpcf7_captcha_challenge_captcha-204\" value=\"3458948604\" \/><img loading=\"lazy\" decoding=\"async\" class=\"wpcf7-form-control wpcf7-captchac wpcf7-captcha-captcha-204\" width=\"84\" height=\"28\" alt=\"captcha\" src=\"https:\/\/jobs-hr.eu\/personnel-services\/wp-content\/uploads\/wpcf7_captcha\/3458948604.png\" \/> Op\u00ed\u0161te pros\u00edm text z obr\u00e1zka <span class=\"wpcf7-form-control-wrap\" data-name=\"captcha-204\"><input size=\"40\" class=\"wpcf7-form-control wpcf7-captchar\" autocomplete=\"off\" aria-invalid=\"false\" value=\"\" type=\"text\" name=\"captcha-204\" \/><\/span>\n<\/p>\n<p><input class=\"wpcf7-form-control wpcf7-submit has-spinner\" type=\"submit\" value=\"Odosla\u0165\" \/>\n<\/p><input type='hidden' class='wpcf7-pum' value='{\"closepopup\":false,\"closedelay\":0,\"openpopup\":false,\"openpopup_id\":0}' \/><div class=\"wpcf7-response-output\" aria-hidden=\"true\"><\/div>\n<\/form>\n<\/div>\n[\/vc_column][\/vc_row]<\/p>\n","protected":false},"excerpt":{"rendered":"<p>[vc_row][vc_column][vc_custom_heading text=&#8220;Vo\u013en\u00e9 poz\u00edcie&#8220; font_container=&#8220;tag:h1|text_align:left&#8220; google_fonts=&#8220;font_family:Open%20Sans%3A300%2C300italic%2Cregular%2Citalic%2C600%2C600italic%2C700%2C700italic%2C800%2C800italic|font_style:600%20bold%20regular%3A600%3Anormal&#8220;][vc_text_separator title=&#8220;&#8220; border_width=&#8220;4&#8243;][vc_column_text]V\u00e1\u017een\u00e1 spolo\u010dnos\u0165, na z\u00e1klade vyplnenia formul\u00e1ru &#8222;Vo\u013en\u00e9 poz\u00edcie&#8220; alebo zaslania vo\u013en\u00fdch poz\u00edci\u00ed e-mailom, V\u00e1m m\u00f4\u017eeme poskytn\u00fa\u0165 nez\u00e1v\u00e4zne a bezplatne na\u0161ich najvhodnej\u0161\u00edch kandid\u00e1tov vo forme&#8230;<\/p>\n","protected":false},"author":2,"featured_media":0,"parent":0,"menu_order":0,"comment_status":"closed","ping_status":"closed","template":"","meta":{"_monsterinsights_skip_tracking":false,"_monsterinsights_sitenote_active":false,"_monsterinsights_sitenote_note":"","_monsterinsights_sitenote_category":0,"footnotes":""},"yoast_head":"<!-- This site is optimized with the Yoast SEO plugin v22.7 - https:\/\/yoast.com\/wordpress\/plugins\/seo\/ -->\n<title>Vo\u013en\u00e9 poz\u00edcie - Jobs-HR<\/title>\n<meta name=\"description\" content=\"V\u00e1\u017een\u00e1 spolo\u010dnos\u0165, na z\u00e1klade vyplnenia formul\u00e1ru &quot;Vo\u013en\u00e9 poz\u00edcie&quot; alebo zaslania vo\u013en\u00fdch poz\u00edci\u00ed e-mailom, V\u00e1m m\u00f4\u017eeme poskytn\u00fa\u0165 nez\u00e1v\u00e4zne a bezplatne...\" \/>\n<meta name=\"robots\" content=\"index, follow, max-snippet:-1, max-image-preview:large, max-video-preview:-1\" \/>\n<link rel=\"canonical\" href=\"https:\/\/jobs-hr.eu\/personnel-services\/volne-pozicie\/\" \/>\n<meta property=\"og:locale\" content=\"sk_SK\" \/>\n<meta property=\"og:type\" content=\"article\" \/>\n<meta property=\"og:title\" content=\"Vo\u013en\u00e9 poz\u00edcie - Jobs-HR\" \/>\n<meta property=\"og:description\" content=\"V\u00e1\u017een\u00e1 spolo\u010dnos\u0165, na z\u00e1klade vyplnenia formul\u00e1ru &quot;Vo\u013en\u00e9 poz\u00edcie&quot; alebo zaslania vo\u013en\u00fdch poz\u00edci\u00ed e-mailom, V\u00e1m m\u00f4\u017eeme poskytn\u00fa\u0165 nez\u00e1v\u00e4zne a bezplatne...\" \/>\n<meta property=\"og:url\" content=\"https:\/\/jobs-hr.eu\/personnel-services\/volne-pozicie\/\" \/>\n<meta property=\"og:site_name\" content=\"Jobs-HR\" \/>\n<meta property=\"article:modified_time\" content=\"2016-12-09T13:11:54+00:00\" \/>\n<meta name=\"twitter:card\" content=\"summary_large_image\" \/>\n<meta name=\"twitter:label1\" content=\"Predpokladan\u00fd \u010das \u010d\u00edtania\" \/>\n\t<meta name=\"twitter:data1\" content=\"1 min\u00fata\" \/>\n<script type=\"application\/ld+json\" class=\"yoast-schema-graph\">{\"@context\":\"https:\/\/schema.org\",\"@graph\":[{\"@type\":\"WebPage\",\"@id\":\"https:\/\/jobs-hr.eu\/personnel-services\/volne-pozicie\/\",\"url\":\"https:\/\/jobs-hr.eu\/personnel-services\/volne-pozicie\/\",\"name\":\"Vo\u013en\u00e9 poz\u00edcie - Jobs-HR\",\"isPartOf\":{\"@id\":\"https:\/\/jobs-hr.eu\/personnel-services\/#website\"},\"datePublished\":\"2016-05-25T09:17:05+00:00\",\"dateModified\":\"2016-12-09T13:11:54+00:00\",\"description\":\"V\u00e1\u017een\u00e1 spolo\u010dnos\u0165, na z\u00e1klade vyplnenia formul\u00e1ru \\\"Vo\u013en\u00e9 poz\u00edcie\\\" alebo zaslania vo\u013en\u00fdch poz\u00edci\u00ed e-mailom, V\u00e1m m\u00f4\u017eeme poskytn\u00fa\u0165 nez\u00e1v\u00e4zne a bezplatne...\",\"breadcrumb\":{\"@id\":\"https:\/\/jobs-hr.eu\/personnel-services\/volne-pozicie\/#breadcrumb\"},\"inLanguage\":\"sk-SK\",\"potentialAction\":[{\"@type\":\"ReadAction\",\"target\":[\"https:\/\/jobs-hr.eu\/personnel-services\/volne-pozicie\/\"]}]},{\"@type\":\"BreadcrumbList\",\"@id\":\"https:\/\/jobs-hr.eu\/personnel-services\/volne-pozicie\/#breadcrumb\",\"itemListElement\":[{\"@type\":\"ListItem\",\"position\":1,\"name\":\"Domovsk\u00e1 str\u00e1nka\",\"item\":\"https:\/\/jobs-hr.eu\/personnel-services\/\"},{\"@type\":\"ListItem\",\"position\":2,\"name\":\"Vo\u013en\u00e9 poz\u00edcie\"}]},{\"@type\":\"WebSite\",\"@id\":\"https:\/\/jobs-hr.eu\/personnel-services\/#website\",\"url\":\"https:\/\/jobs-hr.eu\/personnel-services\/\",\"name\":\"Jobs-HR\",\"description\":\"Personnel Services\",\"potentialAction\":[{\"@type\":\"SearchAction\",\"target\":{\"@type\":\"EntryPoint\",\"urlTemplate\":\"https:\/\/jobs-hr.eu\/personnel-services\/?s={search_term_string}\"},\"query-input\":\"required name=search_term_string\"}],\"inLanguage\":\"sk-SK\"}]}<\/script>\n<!-- \/ Yoast SEO plugin. -->","yoast_head_json":{"title":"Vo\u013en\u00e9 poz\u00edcie - Jobs-HR","description":"V\u00e1\u017een\u00e1 spolo\u010dnos\u0165, na z\u00e1klade vyplnenia formul\u00e1ru \"Vo\u013en\u00e9 poz\u00edcie\" alebo zaslania vo\u013en\u00fdch poz\u00edci\u00ed e-mailom, V\u00e1m m\u00f4\u017eeme poskytn\u00fa\u0165 nez\u00e1v\u00e4zne a bezplatne...","robots":{"index":"index","follow":"follow","max-snippet":"max-snippet:-1","max-image-preview":"max-image-preview:large","max-video-preview":"max-video-preview:-1"},"canonical":"https:\/\/jobs-hr.eu\/personnel-services\/volne-pozicie\/","og_locale":"sk_SK","og_type":"article","og_title":"Vo\u013en\u00e9 poz\u00edcie - Jobs-HR","og_description":"V\u00e1\u017een\u00e1 spolo\u010dnos\u0165, na z\u00e1klade vyplnenia formul\u00e1ru \"Vo\u013en\u00e9 poz\u00edcie\" alebo zaslania vo\u013en\u00fdch poz\u00edci\u00ed e-mailom, V\u00e1m m\u00f4\u017eeme poskytn\u00fa\u0165 nez\u00e1v\u00e4zne a bezplatne...","og_url":"https:\/\/jobs-hr.eu\/personnel-services\/volne-pozicie\/","og_site_name":"Jobs-HR","article_modified_time":"2016-12-09T13:11:54+00:00","twitter_card":"summary_large_image","twitter_misc":{"Predpokladan\u00fd \u010das \u010d\u00edtania":"1 min\u00fata"},"schema":{"@context":"https:\/\/schema.org","@graph":[{"@type":"WebPage","@id":"https:\/\/jobs-hr.eu\/personnel-services\/volne-pozicie\/","url":"https:\/\/jobs-hr.eu\/personnel-services\/volne-pozicie\/","name":"Vo\u013en\u00e9 poz\u00edcie - Jobs-HR","isPartOf":{"@id":"https:\/\/jobs-hr.eu\/personnel-services\/#website"},"datePublished":"2016-05-25T09:17:05+00:00","dateModified":"2016-12-09T13:11:54+00:00","description":"V\u00e1\u017een\u00e1 spolo\u010dnos\u0165, na z\u00e1klade vyplnenia formul\u00e1ru \"Vo\u013en\u00e9 poz\u00edcie\" alebo zaslania vo\u013en\u00fdch poz\u00edci\u00ed e-mailom, V\u00e1m m\u00f4\u017eeme poskytn\u00fa\u0165 nez\u00e1v\u00e4zne a bezplatne...","breadcrumb":{"@id":"https:\/\/jobs-hr.eu\/personnel-services\/volne-pozicie\/#breadcrumb"},"inLanguage":"sk-SK","potentialAction":[{"@type":"ReadAction","target":["https:\/\/jobs-hr.eu\/personnel-services\/volne-pozicie\/"]}]},{"@type":"BreadcrumbList","@id":"https:\/\/jobs-hr.eu\/personnel-services\/volne-pozicie\/#breadcrumb","itemListElement":[{"@type":"ListItem","position":1,"name":"Domovsk\u00e1 str\u00e1nka","item":"https:\/\/jobs-hr.eu\/personnel-services\/"},{"@type":"ListItem","position":2,"name":"Vo\u013en\u00e9 poz\u00edcie"}]},{"@type":"WebSite","@id":"https:\/\/jobs-hr.eu\/personnel-services\/#website","url":"https:\/\/jobs-hr.eu\/personnel-services\/","name":"Jobs-HR","description":"Personnel Services","potentialAction":[{"@type":"SearchAction","target":{"@type":"EntryPoint","urlTemplate":"https:\/\/jobs-hr.eu\/personnel-services\/?s={search_term_string}"},"query-input":"required name=search_term_string"}],"inLanguage":"sk-SK"}]}},"_links":{"self":[{"href":"https:\/\/jobs-hr.eu\/personnel-services\/wp-json\/wp\/v2\/pages\/3112"}],"collection":[{"href":"https:\/\/jobs-hr.eu\/personnel-services\/wp-json\/wp\/v2\/pages"}],"about":[{"href":"https:\/\/jobs-hr.eu\/personnel-services\/wp-json\/wp\/v2\/types\/page"}],"author":[{"embeddable":true,"href":"https:\/\/jobs-hr.eu\/personnel-services\/wp-json\/wp\/v2\/users\/2"}],"replies":[{"embeddable":true,"href":"https:\/\/jobs-hr.eu\/personnel-services\/wp-json\/wp\/v2\/comments?post=3112"}],"version-history":[{"count":8,"href":"https:\/\/jobs-hr.eu\/personnel-services\/wp-json\/wp\/v2\/pages\/3112\/revisions"}],"predecessor-version":[{"id":3438,"href":"https:\/\/jobs-hr.eu\/personnel-services\/wp-json\/wp\/v2\/pages\/3112\/revisions\/3438"}],"wp:attachment":[{"href":"https:\/\/jobs-hr.eu\/personnel-services\/wp-json\/wp\/v2\/media?parent=3112"}],"curies":[{"name":"wp","href":"https:\/\/api.w.org\/{rel}","templated":true}]}}