{"id":3109,"date":"2016-05-25T11:15:53","date_gmt":"2016-05-25T09:15:53","guid":{"rendered":"http:\/\/jobs-hr.eu\/test\/?page_id=3109"},"modified":"2024-06-28T11:30:17","modified_gmt":"2024-06-28T09:30:17","slug":"o-nas","status":"publish","type":"page","link":"https:\/\/jobs-hr.eu\/personnel-services\/o-nas\/","title":{"rendered":"O n\u00e1s"},"content":{"rendered":"<p>[vc_row][vc_column][vc_custom_heading text=&#8220;RIGHT PEOPLE ARE THE KEY OF YOUR SUCCESS. WE KNOW THEM&#8230;&#8220; font_container=&#8220;tag:h1|text_align:left&#8220; google_fonts=&#8220;font_family:Open%20Sans%3A300%2C300italic%2Cregular%2Citalic%2C600%2C600italic%2C700%2C700italic%2C800%2C800italic|font_style:600%20bold%20regular%3A600%3Anormal&#8220;][vc_text_separator title=&#8220;&#8220; border_width=&#8220;4&#8243;][vc_single_image image=&#8220;3361&#8243; img_size=&#8220;full&#8220; alignment=&#8220;center&#8220;][vc_column_text]Na\u0161a person\u00e1lna agent\u00fara u\u017e 15 rokov p\u00f4sob\u00ed v oblasti pracovno-poradensk\u00fdch slu\u017eieb pre spolo\u010dnosti i jednotlivcov. Sme t\u00edm profesion\u00e1lov a odborn\u00fdch konzultantov s dlhoro\u010dn\u00fdmi sk\u00fasenos\u0165ami. Dokonale pozn\u00e1me trh pr\u00e1ce a \u013eudsk\u00fdch zdrojov. Sme tu, aby sme v\u00e1m pomohli orientova\u0165 sa v d\u017eungli potenci\u00e1lnych pr\u00edle\u017eitost\u00ed a efekt\u00edvne pracova\u0165 s person\u00e1lnou agendou va\u0161ej spolo\u010dnosti.<\/p>\n<p><span face=\"Times New Roman, serif\"><span size=\"3\">Sme maxim\u00e1lne flexibiln\u00ed, r\u00fdchli a\u00a0empatick\u00ed vo\u010di potreb\u00e1m na\u0161ich klientov. Na\u0161im kr\u00e9dom je spo\u013eahlivos\u0165, diskr\u00e9tnos\u0165, etika a\u00a0proakt\u00edvny pr\u00edstup. Zefekt\u00edv\u0148ujeme person\u00e1lne procesy a\u00a0pom\u00e1hame \u0161etri\u0165 va\u0161e n\u00e1klady a\u00a0\u010das vynalo\u017een\u00fd na h\u013eadanie nov\u00fdch zamestnancov. Do n\u00e1\u0161ho portf\u00f3lia slu\u017eieb patria: slu\u017eby pre spolo\u010dnosti (recruiting, outsourcing, temporary help) a\u00a0ponuky pr\u00e1ce pre jednotlivcov (vo\u013en\u00e9 pracovn\u00e9 miesta, brig\u00e1dy, mo\u017enos\u0165 vytvori\u0165 si online \u017eivotopis, poradenstvo). <\/span><\/span><\/p>\n<p><strong><span face=\"Times New Roman, serif\"><span size=\"3\">Ak\u00e9 s\u00fa konkr\u00e9tne v\u00fdhody spolupr\u00e1ce s\u00a0na\u0161ou pracovnou agent\u00farou?<\/span><\/span><\/strong><\/p>\n<p>&nbsp;<\/p>\n<ul>\n<li><span face=\"Times New Roman, serif\"><span size=\"3\">Stabiln\u00e9 postavenie na slovenskom a\u00a0zahrani\u010dnom trhu pr\u00e1ce. <\/span><\/span><\/li>\n<li><span face=\"Times New Roman, serif\"><span size=\"3\">Viac ne\u017e 15-ro\u010dn\u00e9 profesion\u00e1lne sk\u00fasenosti v obore. <\/span><\/span><\/li>\n<li><span face=\"Times New Roman, serif\"><span size=\"3\">V\u00fdznamn\u00e1 \u00faspora firemn\u00fdch n\u00e1kladov a\u00a0\u010dasu. <\/span><\/span><\/li>\n<li><span face=\"Times New Roman, serif\"><span size=\"3\">Cenovo a\u00a0\u010dasovo v\u00fdhodn\u00e9 met\u00f3dy. <\/span><\/span><\/li>\n<li><span face=\"Times New Roman, serif\"><span size=\"3\">Garantovan\u00fd a kvalitn\u00fd v\u00fdber kandid\u00e1tov. <\/span><\/span><\/li>\n<\/ul>\n<p>&nbsp;<\/p>\n<p><span face=\"Times New Roman, serif\"><span size=\"3\">Zamestnanci s\u00fa k\u013e\u00fa\u010dom k\u00a0\u00faspechu ka\u017edej spolo\u010dnosti. Nechajte ich v\u00fdber na n\u00e1s. <\/span><\/span><\/p>\n<p><span face=\"Times New Roman, serif\"><span size=\"3\">Garantujeme va\u0161u spokojnos\u0165. <\/span><\/span>[\/vc_column_text][\/vc_column][\/vc_row]<\/p>\n","protected":false},"excerpt":{"rendered":"<p>[vc_row][vc_column][vc_custom_heading text=&#8220;RIGHT PEOPLE ARE THE KEY OF YOUR SUCCESS. WE KNOW THEM&#8230;&#8220; font_container=&#8220;tag:h1|text_align:left&#8220; google_fonts=&#8220;font_family:Open%20Sans%3A300%2C300italic%2Cregular%2Citalic%2C600%2C600italic%2C700%2C700italic%2C800%2C800italic|font_style:600%20bold%20regular%3A600%3Anormal&#8220;][vc_text_separator title=&#8220;&#8220; border_width=&#8220;4&#8243;][vc_single_image image=&#8220;3361&#8243; img_size=&#8220;full&#8220; alignment=&#8220;center&#8220;][vc_column_text]Na\u0161a person\u00e1lna agent\u00fara u\u017e 15 rokov p\u00f4sob\u00ed v oblasti pracovno-poradensk\u00fdch slu\u017eieb pre&#8230;<\/p>\n","protected":false},"author":2,"featured_media":0,"parent":0,"menu_order":0,"comment_status":"closed","ping_status":"closed","template":"","meta":{"_monsterinsights_skip_tracking":false,"_monsterinsights_sitenote_active":false,"_monsterinsights_sitenote_note":"","_monsterinsights_sitenote_category":0,"footnotes":""},"yoast_head":"<!-- This site is optimized with the Yoast SEO plugin v22.7 - https:\/\/yoast.com\/wordpress\/plugins\/seo\/ -->\n<title>O n\u00e1s - Jobs-HR<\/title>\n<meta name=\"description\" content=\"Na\u0161a person\u00e1lna agent\u00fara u\u017e 10 rokov p\u00f4sob\u00ed v oblasti pracovno-poradensk\u00fdch slu\u017eieb pre spolo\u010dnosti i jednotlivcov. Sme t\u00edm profesion\u00e1lov...\" \/>\n<meta name=\"robots\" content=\"index, follow, max-snippet:-1, max-image-preview:large, max-video-preview:-1\" \/>\n<link rel=\"canonical\" href=\"https:\/\/jobs-hr.eu\/personnel-services\/o-nas\/\" \/>\n<meta property=\"og:locale\" content=\"sk_SK\" \/>\n<meta property=\"og:type\" content=\"article\" \/>\n<meta property=\"og:title\" content=\"O n\u00e1s - Jobs-HR\" \/>\n<meta property=\"og:description\" content=\"Na\u0161a person\u00e1lna agent\u00fara u\u017e 10 rokov p\u00f4sob\u00ed v oblasti pracovno-poradensk\u00fdch slu\u017eieb pre spolo\u010dnosti i jednotlivcov. Sme t\u00edm profesion\u00e1lov...\" \/>\n<meta property=\"og:url\" content=\"https:\/\/jobs-hr.eu\/personnel-services\/o-nas\/\" \/>\n<meta property=\"og:site_name\" content=\"Jobs-HR\" \/>\n<meta property=\"article:modified_time\" content=\"2024-06-28T09:30:17+00:00\" \/>\n<meta name=\"twitter:card\" content=\"summary_large_image\" \/>\n<meta name=\"twitter:label1\" content=\"Predpokladan\u00fd \u010das \u010d\u00edtania\" \/>\n\t<meta name=\"twitter:data1\" content=\"2 min\u00faty\" \/>\n<script type=\"application\/ld+json\" class=\"yoast-schema-graph\">{\"@context\":\"https:\/\/schema.org\",\"@graph\":[{\"@type\":\"WebPage\",\"@id\":\"https:\/\/jobs-hr.eu\/personnel-services\/o-nas\/\",\"url\":\"https:\/\/jobs-hr.eu\/personnel-services\/o-nas\/\",\"name\":\"O n\u00e1s - Jobs-HR\",\"isPartOf\":{\"@id\":\"https:\/\/jobs-hr.eu\/personnel-services\/#website\"},\"datePublished\":\"2016-05-25T09:15:53+00:00\",\"dateModified\":\"2024-06-28T09:30:17+00:00\",\"description\":\"Na\u0161a person\u00e1lna agent\u00fara u\u017e 10 rokov p\u00f4sob\u00ed v oblasti pracovno-poradensk\u00fdch slu\u017eieb pre spolo\u010dnosti i jednotlivcov. Sme t\u00edm profesion\u00e1lov...\",\"breadcrumb\":{\"@id\":\"https:\/\/jobs-hr.eu\/personnel-services\/o-nas\/#breadcrumb\"},\"inLanguage\":\"sk-SK\",\"potentialAction\":[{\"@type\":\"ReadAction\",\"target\":[\"https:\/\/jobs-hr.eu\/personnel-services\/o-nas\/\"]}]},{\"@type\":\"BreadcrumbList\",\"@id\":\"https:\/\/jobs-hr.eu\/personnel-services\/o-nas\/#breadcrumb\",\"itemListElement\":[{\"@type\":\"ListItem\",\"position\":1,\"name\":\"Domovsk\u00e1 str\u00e1nka\",\"item\":\"https:\/\/jobs-hr.eu\/personnel-services\/\"},{\"@type\":\"ListItem\",\"position\":2,\"name\":\"O n\u00e1s\"}]},{\"@type\":\"WebSite\",\"@id\":\"https:\/\/jobs-hr.eu\/personnel-services\/#website\",\"url\":\"https:\/\/jobs-hr.eu\/personnel-services\/\",\"name\":\"Jobs-HR\",\"description\":\"Personnel Services\",\"potentialAction\":[{\"@type\":\"SearchAction\",\"target\":{\"@type\":\"EntryPoint\",\"urlTemplate\":\"https:\/\/jobs-hr.eu\/personnel-services\/?s={search_term_string}\"},\"query-input\":\"required name=search_term_string\"}],\"inLanguage\":\"sk-SK\"}]}<\/script>\n<!-- \/ Yoast SEO plugin. -->","yoast_head_json":{"title":"O n\u00e1s - Jobs-HR","description":"Na\u0161a person\u00e1lna agent\u00fara u\u017e 10 rokov p\u00f4sob\u00ed v oblasti pracovno-poradensk\u00fdch slu\u017eieb pre spolo\u010dnosti i jednotlivcov. Sme t\u00edm profesion\u00e1lov...","robots":{"index":"index","follow":"follow","max-snippet":"max-snippet:-1","max-image-preview":"max-image-preview:large","max-video-preview":"max-video-preview:-1"},"canonical":"https:\/\/jobs-hr.eu\/personnel-services\/o-nas\/","og_locale":"sk_SK","og_type":"article","og_title":"O n\u00e1s - Jobs-HR","og_description":"Na\u0161a person\u00e1lna agent\u00fara u\u017e 10 rokov p\u00f4sob\u00ed v oblasti pracovno-poradensk\u00fdch slu\u017eieb pre spolo\u010dnosti i jednotlivcov. Sme t\u00edm profesion\u00e1lov...","og_url":"https:\/\/jobs-hr.eu\/personnel-services\/o-nas\/","og_site_name":"Jobs-HR","article_modified_time":"2024-06-28T09:30:17+00:00","twitter_card":"summary_large_image","twitter_misc":{"Predpokladan\u00fd \u010das \u010d\u00edtania":"2 min\u00faty"},"schema":{"@context":"https:\/\/schema.org","@graph":[{"@type":"WebPage","@id":"https:\/\/jobs-hr.eu\/personnel-services\/o-nas\/","url":"https:\/\/jobs-hr.eu\/personnel-services\/o-nas\/","name":"O n\u00e1s - Jobs-HR","isPartOf":{"@id":"https:\/\/jobs-hr.eu\/personnel-services\/#website"},"datePublished":"2016-05-25T09:15:53+00:00","dateModified":"2024-06-28T09:30:17+00:00","description":"Na\u0161a person\u00e1lna agent\u00fara u\u017e 10 rokov p\u00f4sob\u00ed v oblasti pracovno-poradensk\u00fdch slu\u017eieb pre spolo\u010dnosti i jednotlivcov. Sme t\u00edm profesion\u00e1lov...","breadcrumb":{"@id":"https:\/\/jobs-hr.eu\/personnel-services\/o-nas\/#breadcrumb"},"inLanguage":"sk-SK","potentialAction":[{"@type":"ReadAction","target":["https:\/\/jobs-hr.eu\/personnel-services\/o-nas\/"]}]},{"@type":"BreadcrumbList","@id":"https:\/\/jobs-hr.eu\/personnel-services\/o-nas\/#breadcrumb","itemListElement":[{"@type":"ListItem","position":1,"name":"Domovsk\u00e1 str\u00e1nka","item":"https:\/\/jobs-hr.eu\/personnel-services\/"},{"@type":"ListItem","position":2,"name":"O n\u00e1s"}]},{"@type":"WebSite","@id":"https:\/\/jobs-hr.eu\/personnel-services\/#website","url":"https:\/\/jobs-hr.eu\/personnel-services\/","name":"Jobs-HR","description":"Personnel Services","potentialAction":[{"@type":"SearchAction","target":{"@type":"EntryPoint","urlTemplate":"https:\/\/jobs-hr.eu\/personnel-services\/?s={search_term_string}"},"query-input":"required name=search_term_string"}],"inLanguage":"sk-SK"}]}},"_links":{"self":[{"href":"https:\/\/jobs-hr.eu\/personnel-services\/wp-json\/wp\/v2\/pages\/3109"}],"collection":[{"href":"https:\/\/jobs-hr.eu\/personnel-services\/wp-json\/wp\/v2\/pages"}],"about":[{"href":"https:\/\/jobs-hr.eu\/personnel-services\/wp-json\/wp\/v2\/types\/page"}],"author":[{"embeddable":true,"href":"https:\/\/jobs-hr.eu\/personnel-services\/wp-json\/wp\/v2\/users\/2"}],"replies":[{"embeddable":true,"href":"https:\/\/jobs-hr.eu\/personnel-services\/wp-json\/wp\/v2\/comments?post=3109"}],"version-history":[{"count":7,"href":"https:\/\/jobs-hr.eu\/personnel-services\/wp-json\/wp\/v2\/pages\/3109\/revisions"}],"predecessor-version":[{"id":3555,"href":"https:\/\/jobs-hr.eu\/personnel-services\/wp-json\/wp\/v2\/pages\/3109\/revisions\/3555"}],"wp:attachment":[{"href":"https:\/\/jobs-hr.eu\/personnel-services\/wp-json\/wp\/v2\/media?parent=3109"}],"curies":[{"name":"wp","href":"https:\/\/api.w.org\/{rel}","templated":true}]}}