{"id":2411,"date":"2015-10-25T19:19:59","date_gmt":"2015-10-25T18:19:59","guid":{"rendered":"http:\/\/themes.loc\/workscout\/?page_id=2411"},"modified":"2024-06-28T11:29:16","modified_gmt":"2024-06-28T09:29:16","slug":"kontakt","status":"publish","type":"page","link":"https:\/\/jobs-hr.eu\/personnel-services\/kontakt\/","title":{"rendered":"Kontakt"},"content":{"rendered":"<p>[vc_row][vc_column width=&#8220;1\/2&#8243;][vc_gmaps link=&#8220;#E-8_JTNDaWZyYW1lJTIwc3JjJTNEJTIyaHR0cHMlM0ElMkYlMkZ3d3cuZ29vZ2xlLmNvbSUyRm1hcHMlMkZlbWJlZCUzRnBiJTNEJTIxMW0xOCUyMTFtMTIlMjExbTMlMjExZDI2NTcuOTU4NTYzOTI0ODcxNyUyMTJkMTYuOTc3MjQ5MjE1ODQwMTY0JTIxM2Q0OC4yMjY2NzI0NTI5Mjk5OCUyMTJtMyUyMTFmMCUyMTJmMCUyMTNmMCUyMTNtMiUyMTFpMTAyNCUyMTJpNzY4JTIxNGYxMy4xJTIxM20zJTIxMW0yJTIxMXMweDQ3NmNmMmZjN2FkYjIzZmIlMjUzQTB4ZjRjZDc1NjZiNTFlYWY5ZiUyMTJzT3BsZXRhbG92YSUyNTIwOTAlMjUyQyUyNTIwODQxJTI1MjAwNyUyNTIwRGV2JTI1QzMlMjVBRG5za2ElMjUyME5vdiUyNUMzJTI1QTElMjUyMFZlcyUyMTVlMCUyMTNtMiUyMTFzc2slMjEyc3NrJTIxNHYxNTkxMDkxODY1NDU0JTIxNW0yJTIxMXNzayUyMTJzc2slMjIlMjB3aWR0aCUzRCUyMjYwMCUyMiUyMGhlaWdodCUzRCUyMjQ1MCUyMiUyMGZyYW1lYm9yZGVyJTNEJTIyMCUyMiUyMHN0eWxlJTNEJTIyYm9yZGVyJTNBMCUzQiUyMiUyMGFsbG93ZnVsbHNjcmVlbiUzRCUyMiUyMiUyMGFyaWEtaGlkZGVuJTNEJTIyZmFsc2UlMjIlMjB0YWJpbmRleCUzRCUyMjAlMjIlM0UlM0MlMkZpZnJhbWUlM0U=&#8220;][\/vc_column][vc_column width=&#8220;1\/2&#8243;][vc_column_text]<\/p>\n<h1>Jobs Personnel Services s.r.o.<\/h1>\n<p><strong>S\u00eddlo:<\/strong><br \/>\nOpletalova 90<br \/>\n841 07 Bratislava<br \/>\nSlovensk\u00e1 Republika<\/p>\n<p><strong>Prev\u00e1dzka:<\/strong><br \/>\nOpletalova 90<br \/>\n841 07 Bratislava<br \/>\nSlovensk\u00e1 Republika<\/p>\n<p>Tel. centr\u00e1la: +421 \/2\/54 64 83 44<br \/>\nE-Mail: jobs@jobs-hr.eu[\/vc_column_text][\/vc_column][\/vc_row]<\/p>\n","protected":false},"excerpt":{"rendered":"<p>[vc_row][vc_column width=&#8220;1\/2&#8243;][vc_gmaps link=&#8220;#E-8_JTNDaWZyYW1lJTIwc3JjJTNEJTIyaHR0cHMlM0ElMkYlMkZ3d3cuZ29vZ2xlLmNvbSUyRm1hcHMlMkZlbWJlZCUzRnBiJTNEJTIxMW0xOCUyMTFtMTIlMjExbTMlMjExZDI2NTcuOTU4NTYzOTI0ODcxNyUyMTJkMTYuOTc3MjQ5MjE1ODQwMTY0JTIxM2Q0OC4yMjY2NzI0NTI5Mjk5OCUyMTJtMyUyMTFmMCUyMTJmMCUyMTNmMCUyMTNtMiUyMTFpMTAyNCUyMTJpNzY4JTIxNGYxMy4xJTIxM20zJTIxMW0yJTIxMXMweDQ3NmNmMmZjN2FkYjIzZmIlMjUzQTB4ZjRjZDc1NjZiNTFlYWY5ZiUyMTJzT3BsZXRhbG92YSUyNTIwOTAlMjUyQyUyNTIwODQxJTI1MjAwNyUyNTIwRGV2JTI1QzMlMjVBRG5za2ElMjUyME5vdiUyNUMzJTI1QTElMjUyMFZlcyUyMTVlMCUyMTNtMiUyMTFzc2slMjEyc3NrJTIxNHYxNTkxMDkxODY1NDU0JTIxNW0yJTIxMXNzayUyMTJzc2slMjIlMjB3aWR0aCUzRCUyMjYwMCUyMiUyMGhlaWdodCUzRCUyMjQ1MCUyMiUyMGZyYW1lYm9yZGVyJTNEJTIyMCUyMiUyMHN0eWxlJTNEJTIyYm9yZGVyJTNBMCUzQiUyMiUyMGFsbG93ZnVsbHNjcmVlbiUzRCUyMiUyMiUyMGFyaWEtaGlkZGVuJTNEJTIyZmFsc2UlMjIlMjB0YWJpbmRleCUzRCUyMjAlMjIlM0UlM0MlMkZpZnJhbWUlM0U=&#8220;][\/vc_column][vc_column width=&#8220;1\/2&#8243;][vc_column_text] Jobs Personnel Services s.r.o. S\u00eddlo: Opletalova 90 841 07 Bratislava Slovensk\u00e1 Republika Prev\u00e1dzka: Opletalova 90 841 07 Bratislava Slovensk\u00e1 Republika Tel. centr\u00e1la: +421 \/2\/54 64 83&#8230;<\/p>\n","protected":false},"author":2,"featured_media":0,"parent":0,"menu_order":0,"comment_status":"closed","ping_status":"closed","template":"","meta":{"_monsterinsights_skip_tracking":false,"_monsterinsights_sitenote_active":false,"_monsterinsights_sitenote_note":"","_monsterinsights_sitenote_category":0,"footnotes":""},"yoast_head":"<!-- This site is optimized with the Yoast SEO plugin v22.7 - https:\/\/yoast.com\/wordpress\/plugins\/seo\/ -->\n<title>Kontakt - Jobs-HR<\/title>\n<meta name=\"robots\" content=\"index, follow, max-snippet:-1, max-image-preview:large, max-video-preview:-1\" \/>\n<link rel=\"canonical\" href=\"https:\/\/jobs-hr.eu\/personnel-services\/kontakt\/\" \/>\n<meta property=\"og:locale\" content=\"sk_SK\" \/>\n<meta property=\"og:type\" content=\"article\" \/>\n<meta property=\"og:title\" content=\"Kontakt - Jobs-HR\" \/>\n<meta property=\"og:description\" content=\"[vc_row][vc_column width=&#8220;1\/2&#8243;][vc_gmaps link=&#8220;#E-8_JTNDaWZyYW1lJTIwc3JjJTNEJTIyaHR0cHMlM0ElMkYlMkZ3d3cuZ29vZ2xlLmNvbSUyRm1hcHMlMkZlbWJlZCUzRnBiJTNEJTIxMW0xOCUyMTFtMTIlMjExbTMlMjExZDI2NTcuOTU4NTYzOTI0ODcxNyUyMTJkMTYuOTc3MjQ5MjE1ODQwMTY0JTIxM2Q0OC4yMjY2NzI0NTI5Mjk5OCUyMTJtMyUyMTFmMCUyMTJmMCUyMTNmMCUyMTNtMiUyMTFpMTAyNCUyMTJpNzY4JTIxNGYxMy4xJTIxM20zJTIxMW0yJTIxMXMweDQ3NmNmMmZjN2FkYjIzZmIlMjUzQTB4ZjRjZDc1NjZiNTFlYWY5ZiUyMTJzT3BsZXRhbG92YSUyNTIwOTAlMjUyQyUyNTIwODQxJTI1MjAwNyUyNTIwRGV2JTI1QzMlMjVBRG5za2ElMjUyME5vdiUyNUMzJTI1QTElMjUyMFZlcyUyMTVlMCUyMTNtMiUyMTFzc2slMjEyc3NrJTIxNHYxNTkxMDkxODY1NDU0JTIxNW0yJTIxMXNzayUyMTJzc2slMjIlMjB3aWR0aCUzRCUyMjYwMCUyMiUyMGhlaWdodCUzRCUyMjQ1MCUyMiUyMGZyYW1lYm9yZGVyJTNEJTIyMCUyMiUyMHN0eWxlJTNEJTIyYm9yZGVyJTNBMCUzQiUyMiUyMGFsbG93ZnVsbHNjcmVlbiUzRCUyMiUyMiUyMGFyaWEtaGlkZGVuJTNEJTIyZmFsc2UlMjIlMjB0YWJpbmRleCUzRCUyMjAlMjIlM0UlM0MlMkZpZnJhbWUlM0U=&#8220;][\/vc_column][vc_column width=&#8220;1\/2&#8243;][vc_column_text] Jobs Personnel Services s.r.o. S\u00eddlo: Opletalova 90 841 07 Bratislava Slovensk\u00e1 Republika Prev\u00e1dzka: Opletalova 90 841 07 Bratislava Slovensk\u00e1 Republika Tel. centr\u00e1la: +421 \/2\/54 64 83...\" \/>\n<meta property=\"og:url\" content=\"https:\/\/jobs-hr.eu\/personnel-services\/kontakt\/\" \/>\n<meta property=\"og:site_name\" content=\"Jobs-HR\" \/>\n<meta property=\"article:modified_time\" content=\"2024-06-28T09:29:16+00:00\" \/>\n<meta name=\"twitter:card\" content=\"summary_large_image\" \/>\n<meta name=\"twitter:label1\" content=\"Predpokladan\u00fd \u010das \u010d\u00edtania\" \/>\n\t<meta name=\"twitter:data1\" content=\"1 min\u00fata\" \/>\n<script type=\"application\/ld+json\" class=\"yoast-schema-graph\">{\"@context\":\"https:\/\/schema.org\",\"@graph\":[{\"@type\":\"WebPage\",\"@id\":\"https:\/\/jobs-hr.eu\/personnel-services\/kontakt\/\",\"url\":\"https:\/\/jobs-hr.eu\/personnel-services\/kontakt\/\",\"name\":\"Kontakt - Jobs-HR\",\"isPartOf\":{\"@id\":\"https:\/\/jobs-hr.eu\/personnel-services\/#website\"},\"datePublished\":\"2015-10-25T18:19:59+00:00\",\"dateModified\":\"2024-06-28T09:29:16+00:00\",\"breadcrumb\":{\"@id\":\"https:\/\/jobs-hr.eu\/personnel-services\/kontakt\/#breadcrumb\"},\"inLanguage\":\"sk-SK\",\"potentialAction\":[{\"@type\":\"ReadAction\",\"target\":[\"https:\/\/jobs-hr.eu\/personnel-services\/kontakt\/\"]}]},{\"@type\":\"BreadcrumbList\",\"@id\":\"https:\/\/jobs-hr.eu\/personnel-services\/kontakt\/#breadcrumb\",\"itemListElement\":[{\"@type\":\"ListItem\",\"position\":1,\"name\":\"Domovsk\u00e1 str\u00e1nka\",\"item\":\"https:\/\/jobs-hr.eu\/personnel-services\/\"},{\"@type\":\"ListItem\",\"position\":2,\"name\":\"Kontakt\"}]},{\"@type\":\"WebSite\",\"@id\":\"https:\/\/jobs-hr.eu\/personnel-services\/#website\",\"url\":\"https:\/\/jobs-hr.eu\/personnel-services\/\",\"name\":\"Jobs-HR\",\"description\":\"Personnel Services\",\"potentialAction\":[{\"@type\":\"SearchAction\",\"target\":{\"@type\":\"EntryPoint\",\"urlTemplate\":\"https:\/\/jobs-hr.eu\/personnel-services\/?s={search_term_string}\"},\"query-input\":\"required name=search_term_string\"}],\"inLanguage\":\"sk-SK\"}]}<\/script>\n<!-- \/ Yoast SEO plugin. -->","yoast_head_json":{"title":"Kontakt - Jobs-HR","robots":{"index":"index","follow":"follow","max-snippet":"max-snippet:-1","max-image-preview":"max-image-preview:large","max-video-preview":"max-video-preview:-1"},"canonical":"https:\/\/jobs-hr.eu\/personnel-services\/kontakt\/","og_locale":"sk_SK","og_type":"article","og_title":"Kontakt - Jobs-HR","og_description":"[vc_row][vc_column width=&#8220;1\/2&#8243;][vc_gmaps link=&#8220;#E-8_JTNDaWZyYW1lJTIwc3JjJTNEJTIyaHR0cHMlM0ElMkYlMkZ3d3cuZ29vZ2xlLmNvbSUyRm1hcHMlMkZlbWJlZCUzRnBiJTNEJTIxMW0xOCUyMTFtMTIlMjExbTMlMjExZDI2NTcuOTU4NTYzOTI0ODcxNyUyMTJkMTYuOTc3MjQ5MjE1ODQwMTY0JTIxM2Q0OC4yMjY2NzI0NTI5Mjk5OCUyMTJtMyUyMTFmMCUyMTJmMCUyMTNmMCUyMTNtMiUyMTFpMTAyNCUyMTJpNzY4JTIxNGYxMy4xJTIxM20zJTIxMW0yJTIxMXMweDQ3NmNmMmZjN2FkYjIzZmIlMjUzQTB4ZjRjZDc1NjZiNTFlYWY5ZiUyMTJzT3BsZXRhbG92YSUyNTIwOTAlMjUyQyUyNTIwODQxJTI1MjAwNyUyNTIwRGV2JTI1QzMlMjVBRG5za2ElMjUyME5vdiUyNUMzJTI1QTElMjUyMFZlcyUyMTVlMCUyMTNtMiUyMTFzc2slMjEyc3NrJTIxNHYxNTkxMDkxODY1NDU0JTIxNW0yJTIxMXNzayUyMTJzc2slMjIlMjB3aWR0aCUzRCUyMjYwMCUyMiUyMGhlaWdodCUzRCUyMjQ1MCUyMiUyMGZyYW1lYm9yZGVyJTNEJTIyMCUyMiUyMHN0eWxlJTNEJTIyYm9yZGVyJTNBMCUzQiUyMiUyMGFsbG93ZnVsbHNjcmVlbiUzRCUyMiUyMiUyMGFyaWEtaGlkZGVuJTNEJTIyZmFsc2UlMjIlMjB0YWJpbmRleCUzRCUyMjAlMjIlM0UlM0MlMkZpZnJhbWUlM0U=&#8220;][\/vc_column][vc_column width=&#8220;1\/2&#8243;][vc_column_text] Jobs Personnel Services s.r.o. S\u00eddlo: Opletalova 90 841 07 Bratislava Slovensk\u00e1 Republika Prev\u00e1dzka: Opletalova 90 841 07 Bratislava Slovensk\u00e1 Republika Tel. centr\u00e1la: +421 \/2\/54 64 83...","og_url":"https:\/\/jobs-hr.eu\/personnel-services\/kontakt\/","og_site_name":"Jobs-HR","article_modified_time":"2024-06-28T09:29:16+00:00","twitter_card":"summary_large_image","twitter_misc":{"Predpokladan\u00fd \u010das \u010d\u00edtania":"1 min\u00fata"},"schema":{"@context":"https:\/\/schema.org","@graph":[{"@type":"WebPage","@id":"https:\/\/jobs-hr.eu\/personnel-services\/kontakt\/","url":"https:\/\/jobs-hr.eu\/personnel-services\/kontakt\/","name":"Kontakt - Jobs-HR","isPartOf":{"@id":"https:\/\/jobs-hr.eu\/personnel-services\/#website"},"datePublished":"2015-10-25T18:19:59+00:00","dateModified":"2024-06-28T09:29:16+00:00","breadcrumb":{"@id":"https:\/\/jobs-hr.eu\/personnel-services\/kontakt\/#breadcrumb"},"inLanguage":"sk-SK","potentialAction":[{"@type":"ReadAction","target":["https:\/\/jobs-hr.eu\/personnel-services\/kontakt\/"]}]},{"@type":"BreadcrumbList","@id":"https:\/\/jobs-hr.eu\/personnel-services\/kontakt\/#breadcrumb","itemListElement":[{"@type":"ListItem","position":1,"name":"Domovsk\u00e1 str\u00e1nka","item":"https:\/\/jobs-hr.eu\/personnel-services\/"},{"@type":"ListItem","position":2,"name":"Kontakt"}]},{"@type":"WebSite","@id":"https:\/\/jobs-hr.eu\/personnel-services\/#website","url":"https:\/\/jobs-hr.eu\/personnel-services\/","name":"Jobs-HR","description":"Personnel Services","potentialAction":[{"@type":"SearchAction","target":{"@type":"EntryPoint","urlTemplate":"https:\/\/jobs-hr.eu\/personnel-services\/?s={search_term_string}"},"query-input":"required name=search_term_string"}],"inLanguage":"sk-SK"}]}},"_links":{"self":[{"href":"https:\/\/jobs-hr.eu\/personnel-services\/wp-json\/wp\/v2\/pages\/2411"}],"collection":[{"href":"https:\/\/jobs-hr.eu\/personnel-services\/wp-json\/wp\/v2\/pages"}],"about":[{"href":"https:\/\/jobs-hr.eu\/personnel-services\/wp-json\/wp\/v2\/types\/page"}],"author":[{"embeddable":true,"href":"https:\/\/jobs-hr.eu\/personnel-services\/wp-json\/wp\/v2\/users\/2"}],"replies":[{"embeddable":true,"href":"https:\/\/jobs-hr.eu\/personnel-services\/wp-json\/wp\/v2\/comments?post=2411"}],"version-history":[{"count":7,"href":"https:\/\/jobs-hr.eu\/personnel-services\/wp-json\/wp\/v2\/pages\/2411\/revisions"}],"predecessor-version":[{"id":3554,"href":"https:\/\/jobs-hr.eu\/personnel-services\/wp-json\/wp\/v2\/pages\/2411\/revisions\/3554"}],"wp:attachment":[{"href":"https:\/\/jobs-hr.eu\/personnel-services\/wp-json\/wp\/v2\/media?parent=2411"}],"curies":[{"name":"wp","href":"https:\/\/api.w.org\/{rel}","templated":true}]}}